{"id":8,"date":"2017-04-16T12:22:40","date_gmt":"2017-04-16T12:22:40","guid":{"rendered":"http:\/\/enonkolo.fi\/?page_id=8"},"modified":"2017-04-16T12:22:40","modified_gmt":"2017-04-16T12:22:40","slug":"enonkolo","status":"publish","type":"page","link":"http:\/\/enonkolo.fi\/index.php\/enonkolo\/","title":{"rendered":"Enonkolo"},"content":{"rendered":"<p>Enonkolo on kaksikerroksinen, harjakattoinen tiilitalo Enonkosken keskustassa. Rivitalon alakerrassa on kolme erillist\u00e4 asuintilaa, joissa kussakin on kaksi huonetta, pesutilat ja puusauna sek\u00e4 oma p\u00e4\u00e4sy pihalle.<\/p>\n<p><img loading=\"lazy\" decoding=\"async\" class=\"size-medium wp-image-89 aligncenter\" src=\"http:\/\/enonkolo.fi\/wp-content\/uploads\/2017\/04\/EK_Sviitti-169x300.jpg\" alt=\"\" width=\"169\" height=\"300\" srcset=\"http:\/\/enonkolo.fi\/wp-content\/uploads\/2017\/04\/EK_Sviitti-169x300.jpg 169w, http:\/\/enonkolo.fi\/wp-content\/uploads\/2017\/04\/EK_Sviitti-768x1365.jpg 768w, http:\/\/enonkolo.fi\/wp-content\/uploads\/2017\/04\/EK_Sviitti-576x1024.jpg 576w, http:\/\/enonkolo.fi\/wp-content\/uploads\/2017\/04\/EK_Sviitti.jpg 918w\" sizes=\"auto, (max-width: 169px) 100vw, 169px\" \/><\/p>\n<p>Kaikista alakerran huoneistoista on p\u00e4\u00e4sy sis\u00e4kautta yl\u00e4kerran yhteisiin keitti\u00f6- ja oleskelutiloihin.<\/p>\n<p><img loading=\"lazy\" decoding=\"async\" class=\"size-medium wp-image-95 aligncenter\" src=\"http:\/\/enonkolo.fi\/wp-content\/uploads\/2017\/04\/EK_Vinyylikirjasto_2-300x169.jpg\" alt=\"\" width=\"300\" height=\"169\" srcset=\"http:\/\/enonkolo.fi\/wp-content\/uploads\/2017\/04\/EK_Vinyylikirjasto_2-300x169.jpg 300w, http:\/\/enonkolo.fi\/wp-content\/uploads\/2017\/04\/EK_Vinyylikirjasto_2-768x432.jpg 768w, http:\/\/enonkolo.fi\/wp-content\/uploads\/2017\/04\/EK_Vinyylikirjasto_2-1024x577.jpg 1024w, http:\/\/enonkolo.fi\/wp-content\/uploads\/2017\/04\/EK_Vinyylikirjasto_2.jpg 1632w\" sizes=\"auto, (max-width: 300px) 100vw, 300px\" \/><\/p>\n<p>Enonkolossa on majoituspaikat 14 hengelle ja viisi WC:t\u00e4. Kahdessa makuuhuoneessa on nelj\u00e4 t\u00e4ysimittaista kerross\u00e4nky\u00e4; kolmessa makuuhuoneessa on paris\u00e4ngyt. Enonkolossa on tilava keitti\u00f6 ja iso yhteinen oleskelutila, jossa kirjasto.<\/p>\n<p><img loading=\"lazy\" decoding=\"async\" class=\"size-medium wp-image-85 aligncenter\" src=\"http:\/\/enonkolo.fi\/wp-content\/uploads\/2017\/04\/EK_Sauna_1-169x300.jpg\" alt=\"\" width=\"169\" height=\"300\" srcset=\"http:\/\/enonkolo.fi\/wp-content\/uploads\/2017\/04\/EK_Sauna_1-169x300.jpg 169w, http:\/\/enonkolo.fi\/wp-content\/uploads\/2017\/04\/EK_Sauna_1-768x1365.jpg 768w, http:\/\/enonkolo.fi\/wp-content\/uploads\/2017\/04\/EK_Sauna_1-576x1024.jpg 576w, http:\/\/enonkolo.fi\/wp-content\/uploads\/2017\/04\/EK_Sauna_1.jpg 918w\" sizes=\"auto, (max-width: 169px) 100vw, 169px\" \/><\/p>\n<p>Enonkolon keitti\u00f6 on hyvin varustettu: astiastot 14 hengelle, induktioliesi, mikroaaltouuni, j\u00e4\u00e4kaappipakastin, kahvi- ja teenkeitin, s\u00e4hk\u00f6inen savustusp\u00f6ntt\u00f6. Rivitalossa on my\u00f6s pyykinpesukone.<\/p>\n<p><img loading=\"lazy\" decoding=\"async\" class=\"size-medium wp-image-88 aligncenter\" src=\"http:\/\/enonkolo.fi\/wp-content\/uploads\/2017\/04\/EK_Sviitti_Kylpyhuone-169x300.jpg\" alt=\"\" width=\"169\" height=\"300\" srcset=\"http:\/\/enonkolo.fi\/wp-content\/uploads\/2017\/04\/EK_Sviitti_Kylpyhuone-169x300.jpg 169w, http:\/\/enonkolo.fi\/wp-content\/uploads\/2017\/04\/EK_Sviitti_Kylpyhuone-768x1365.jpg 768w, http:\/\/enonkolo.fi\/wp-content\/uploads\/2017\/04\/EK_Sviitti_Kylpyhuone-576x1024.jpg 576w, http:\/\/enonkolo.fi\/wp-content\/uploads\/2017\/04\/EK_Sviitti_Kylpyhuone.jpg 918w\" sizes=\"auto, (max-width: 169px) 100vw, 169px\" \/><\/p>\n","protected":false},"excerpt":{"rendered":"<p>Enonkolo on kaksikerroksinen, harjakattoinen tiilitalo Enonkosken keskustassa. Rivitalon alakerrassa on kolme erillist\u00e4 asuintilaa, joissa kussakin on kaksi huonetta, pesutilat ja puusauna sek\u00e4 oma p\u00e4\u00e4sy pihalle. Kaikista alakerran huoneistoista on p\u00e4\u00e4sy sis\u00e4kautta yl\u00e4kerran yhteisiin keitti\u00f6- ja oleskelutiloihin. Enonkolossa on majoituspaikat 14 hengelle ja viisi WC:t\u00e4. Kahdessa makuuhuoneessa on nelj\u00e4 t\u00e4ysimittaista kerross\u00e4nky\u00e4; kolmessa makuuhuoneessa on paris\u00e4ngyt. Enonkolossa &hellip; <\/p>\n<p class=\"link-more\"><a href=\"http:\/\/enonkolo.fi\/index.php\/enonkolo\/\" class=\"more-link\">Jatka lukemista<span class=\"screen-reader-text\"> &#8221;Enonkolo&#8221;<\/span><\/a><\/p>\n","protected":false},"author":1,"featured_media":57,"parent":0,"menu_order":0,"comment_status":"closed","ping_status":"closed","template":"","meta":{"footnotes":""},"class_list":["post-8","page","type-page","status-publish","has-post-thumbnail","hentry"],"_links":{"self":[{"href":"http:\/\/enonkolo.fi\/index.php\/wp-json\/wp\/v2\/pages\/8","targetHints":{"allow":["GET"]}}],"collection":[{"href":"http:\/\/enonkolo.fi\/index.php\/wp-json\/wp\/v2\/pages"}],"about":[{"href":"http:\/\/enonkolo.fi\/index.php\/wp-json\/wp\/v2\/types\/page"}],"author":[{"embeddable":true,"href":"http:\/\/enonkolo.fi\/index.php\/wp-json\/wp\/v2\/users\/1"}],"replies":[{"embeddable":true,"href":"http:\/\/enonkolo.fi\/index.php\/wp-json\/wp\/v2\/comments?post=8"}],"version-history":[{"count":3,"href":"http:\/\/enonkolo.fi\/index.php\/wp-json\/wp\/v2\/pages\/8\/revisions"}],"predecessor-version":[{"id":97,"href":"http:\/\/enonkolo.fi\/index.php\/wp-json\/wp\/v2\/pages\/8\/revisions\/97"}],"wp:featuredmedia":[{"embeddable":true,"href":"http:\/\/enonkolo.fi\/index.php\/wp-json\/wp\/v2\/media\/57"}],"wp:attachment":[{"href":"http:\/\/enonkolo.fi\/index.php\/wp-json\/wp\/v2\/media?parent=8"}],"curies":[{"name":"wp","href":"https:\/\/api.w.org\/{rel}","templated":true}]}}