{"id":31,"date":"2017-04-16T13:40:05","date_gmt":"2017-04-16T13:40:05","guid":{"rendered":"http:\/\/enonkolo.fi\/?page_id=31"},"modified":"2017-04-16T13:40:05","modified_gmt":"2017-04-16T13:40:05","slug":"kurssipaikkana","status":"publish","type":"page","link":"http:\/\/enonkolo.fi\/index.php\/kurssipaikkana\/","title":{"rendered":"Kurssipaikkana"},"content":{"rendered":"<p>Enonkolossa on j\u00e4rjestetty erilaisia kursseja ja seminaareja vuodesta 2015<\/p>\n<ul>\n<li>Hortailua. Kev\u00e4iset luontoyrtit ja kasvit, 6.5.-7.5.2017<\/li>\n<li>Kalliotaideleiri. Tutkimusretki Saimaan kalliotaidekohteisiin. 29.6.-2.7.2017<\/li>\n<li>Kirkkoveneretki Koloveden kalliomaalauksille. 15.7.-16.7.2017<\/li>\n<li>Lintuleijakouu lapsille ja (iso)vanhemmille 29.7.-30.7.2017<\/li>\n<li>\u00c4\u00e4nt\u00e4! Musikaalinen k\u00e4sity\u00f6leiri 8-14 -vuotialle 31.7.-3.8.2017<\/li>\n<li>Kalliotaidekurssi arkeologian harrastajille, kes\u00e4 2016<\/li>\n<li>\u00c4\u00e4nt\u00e4! Soitinrakennuskurssi lapsille kierr\u00e4tysmateriaaleista, kes\u00e4t 2015-2017<\/li>\n<li>Lyhytkursseja sarjakuvapiirt\u00e4misest\u00e4 kouluik\u00e4isille 2015-2016<\/li>\n<\/ul>\n<p><img loading=\"lazy\" decoding=\"async\" class=\"size-medium wp-image-87 aligncenter\" src=\"http:\/\/enonkolo.fi\/wp-content\/uploads\/2017\/04\/EK_Soitinleiri-169x300.jpg\" alt=\"\" width=\"169\" height=\"300\" srcset=\"http:\/\/enonkolo.fi\/wp-content\/uploads\/2017\/04\/EK_Soitinleiri-169x300.jpg 169w, http:\/\/enonkolo.fi\/wp-content\/uploads\/2017\/04\/EK_Soitinleiri-768x1365.jpg 768w, http:\/\/enonkolo.fi\/wp-content\/uploads\/2017\/04\/EK_Soitinleiri-576x1024.jpg 576w, http:\/\/enonkolo.fi\/wp-content\/uploads\/2017\/04\/EK_Soitinleiri.jpg 918w\" sizes=\"auto, (max-width: 169px) 100vw, 169px\" \/><\/p>\n","protected":false},"excerpt":{"rendered":"<p>Enonkolossa on j\u00e4rjestetty erilaisia kursseja ja seminaareja vuodesta 2015 Hortailua. Kev\u00e4iset luontoyrtit ja kasvit, 6.5.-7.5.2017 Kalliotaideleiri. Tutkimusretki Saimaan kalliotaidekohteisiin. 29.6.-2.7.2017 Kirkkoveneretki Koloveden kalliomaalauksille. 15.7.-16.7.2017 Lintuleijakouu lapsille ja (iso)vanhemmille 29.7.-30.7.2017 \u00c4\u00e4nt\u00e4! Musikaalinen k\u00e4sity\u00f6leiri 8-14 -vuotialle 31.7.-3.8.2017 Kalliotaidekurssi arkeologian harrastajille, kes\u00e4 2016 \u00c4\u00e4nt\u00e4! Soitinrakennuskurssi lapsille kierr\u00e4tysmateriaaleista, kes\u00e4t 2015-2017 Lyhytkursseja sarjakuvapiirt\u00e4misest\u00e4 kouluik\u00e4isille 2015-2016<\/p>\n","protected":false},"author":1,"featured_media":62,"parent":0,"menu_order":0,"comment_status":"closed","ping_status":"closed","template":"","meta":{"footnotes":""},"class_list":["post-31","page","type-page","status-publish","has-post-thumbnail","hentry"],"_links":{"self":[{"href":"http:\/\/enonkolo.fi\/index.php\/wp-json\/wp\/v2\/pages\/31","targetHints":{"allow":["GET"]}}],"collection":[{"href":"http:\/\/enonkolo.fi\/index.php\/wp-json\/wp\/v2\/pages"}],"about":[{"href":"http:\/\/enonkolo.fi\/index.php\/wp-json\/wp\/v2\/types\/page"}],"author":[{"embeddable":true,"href":"http:\/\/enonkolo.fi\/index.php\/wp-json\/wp\/v2\/users\/1"}],"replies":[{"embeddable":true,"href":"http:\/\/enonkolo.fi\/index.php\/wp-json\/wp\/v2\/comments?post=31"}],"version-history":[{"count":6,"href":"http:\/\/enonkolo.fi\/index.php\/wp-json\/wp\/v2\/pages\/31\/revisions"}],"predecessor-version":[{"id":96,"href":"http:\/\/enonkolo.fi\/index.php\/wp-json\/wp\/v2\/pages\/31\/revisions\/96"}],"wp:featuredmedia":[{"embeddable":true,"href":"http:\/\/enonkolo.fi\/index.php\/wp-json\/wp\/v2\/media\/62"}],"wp:attachment":[{"href":"http:\/\/enonkolo.fi\/index.php\/wp-json\/wp\/v2\/media?parent=31"}],"curies":[{"name":"wp","href":"https:\/\/api.w.org\/{rel}","templated":true}]}}