{"id":29,"date":"2017-04-16T13:41:00","date_gmt":"2017-04-16T13:41:00","guid":{"rendered":"http:\/\/enonkolo.fi\/?page_id=29"},"modified":"2017-04-16T13:41:00","modified_gmt":"2017-04-16T13:41:00","slug":"hinnat","status":"publish","type":"page","link":"http:\/\/enonkolo.fi\/index.php\/hinnat\/","title":{"rendered":"Hinnat"},"content":{"rendered":"<p>Viikkomajoituksen hinta on 400 euroa lukuunottamatta kes\u00e4kuukausia. Viikonloppuhinta 300 euroa (ei sis\u00e4ll\u00e4 vuodevaatteita). Kuukausihinta 1000 euroa.<\/p>\n<p>&nbsp;<\/p>\n","protected":false},"excerpt":{"rendered":"<p>Viikkomajoituksen hinta on 400 euroa lukuunottamatta kes\u00e4kuukausia. Viikonloppuhinta 300 euroa (ei sis\u00e4ll\u00e4 vuodevaatteita). Kuukausihinta 1000 euroa. &nbsp;<\/p>\n","protected":false},"author":1,"featured_media":90,"parent":0,"menu_order":0,"comment_status":"closed","ping_status":"closed","template":"","meta":{"footnotes":""},"class_list":["post-29","page","type-page","status-publish","has-post-thumbnail","hentry"],"_links":{"self":[{"href":"http:\/\/enonkolo.fi\/index.php\/wp-json\/wp\/v2\/pages\/29","targetHints":{"allow":["GET"]}}],"collection":[{"href":"http:\/\/enonkolo.fi\/index.php\/wp-json\/wp\/v2\/pages"}],"about":[{"href":"http:\/\/enonkolo.fi\/index.php\/wp-json\/wp\/v2\/types\/page"}],"author":[{"embeddable":true,"href":"http:\/\/enonkolo.fi\/index.php\/wp-json\/wp\/v2\/users\/1"}],"replies":[{"embeddable":true,"href":"http:\/\/enonkolo.fi\/index.php\/wp-json\/wp\/v2\/comments?post=29"}],"version-history":[{"count":1,"href":"http:\/\/enonkolo.fi\/index.php\/wp-json\/wp\/v2\/pages\/29\/revisions"}],"predecessor-version":[{"id":30,"href":"http:\/\/enonkolo.fi\/index.php\/wp-json\/wp\/v2\/pages\/29\/revisions\/30"}],"wp:featuredmedia":[{"embeddable":true,"href":"http:\/\/enonkolo.fi\/index.php\/wp-json\/wp\/v2\/media\/90"}],"wp:attachment":[{"href":"http:\/\/enonkolo.fi\/index.php\/wp-json\/wp\/v2\/media?parent=29"}],"curies":[{"name":"wp","href":"https:\/\/api.w.org\/{rel}","templated":true}]}}