{"id":2,"date":"2017-02-24T13:46:20","date_gmt":"2017-02-24T13:46:20","guid":{"rendered":"http:\/\/enonkolo.fi\/?page_id=2"},"modified":"2017-04-16T13:47:13","modified_gmt":"2017-04-16T13:47:13","slug":"sample-page","status":"publish","type":"page","link":"http:\/\/enonkolo.fi\/index.php\/sample-page\/","title":{"rendered":"Enonkolo \u2013 kulttuurimajatalo pienelle ja isolle porukalle"},"content":{"rendered":"<p>Enonkosken keskustassa sijaitseva kulttuurimajatalo <a href=\"http:\/\/enonkolo.fi\/index.php\/enonkolo\">Enonkolo<\/a> tarjoaa viihtyis\u00e4t puitteet vet\u00e4ytymiselle ja rauhoittumiselle Koloveden ja Linnansaaren kansallispuistojen ja Savonlinnan l\u00e4heisyydess\u00e4. Tilaa on isommallekin porukalle 300 neli\u00f6t\u00e4.<\/p>\n<p>Katso lis\u00e4\u00e4 kuvia Enonkolosta <a href=\"http:\/\/enonkolo.fi\/index.php\/kuvia\/\">t\u00e4\u00e4ll\u00e4<\/a><\/p>\n<p><img loading=\"lazy\" decoding=\"async\" class=\"size-medium wp-image-22 aligncenter\" src=\"http:\/\/enonkolo.fi\/wp-content\/uploads\/2017\/02\/keittio-2-300x225.jpg\" alt=\"\" width=\"300\" height=\"225\" srcset=\"http:\/\/enonkolo.fi\/wp-content\/uploads\/2017\/02\/keittio-2-300x225.jpg 300w, http:\/\/enonkolo.fi\/wp-content\/uploads\/2017\/02\/keittio-2-768x576.jpg 768w, http:\/\/enonkolo.fi\/wp-content\/uploads\/2017\/02\/keittio-2-1024x768.jpg 1024w, http:\/\/enonkolo.fi\/wp-content\/uploads\/2017\/02\/keittio-2.jpg 2048w\" sizes=\"auto, (max-width: 300px) 100vw, 300px\" \/><\/p>\n<p><a href=\"http:\/\/www.enonkoski.fi\">Enonkoski<\/a> sijaitsee Saimaan rannalla, 33 kilometri\u00e4 Savonlinnasta pohjoiseen ja 20 kilometrin p\u00e4\u00e4ss\u00e4 Savonlinnan lentokent\u00e4st\u00e4. Enonkosken l\u00e4hell\u00e4 ovat <a href=\"http:\/\/www.luontoon.fi\/kolovesi\">Koloveden<\/a> ja <a href=\"http:\/\/www.luontoon.fi\/linnansaari\">Linnasaaren<\/a> kansallispuistot. Enonkoskella on kattavia retkeily- ja hiihtoreittej\u00e4. <a href=\"http:\/\/www.ulpukkareitti.fi\">Ulpukkareitti<\/a> on 37 kilometrin melontareitti Savonlinnasta Enonkoskeen. Oravista Linnasaareen on 5 kilometrin <a href=\"http:\/\/www.oravivillage.com\/fi\/Aktiviteetit\/Talvi\/Retkiluistelu,-hiihto-ja-talvivaellus\">retkiluistelu- ja talvivaellusreitti<\/a>. Yhteens\u00e4 reittej\u00e4 on alueella 40 kilomeri\u00e4. <a href=\"http:\/\/www.pyhatpolut.fi\/vaellukset\/reitit\/\">Pyh\u00e4t polut<\/a>-vaellusreitit kulkevat Enonkoskelle: voit patikoida tai hiiht\u00e4\u00e4 Enonkoskelle Imatran koskelta tai Valaman luostarista. Py\u00f6r\u00e4ilyreitti kulkee Savonlinnasta Hein\u00e4veden ja Valamon <a href=\"http:\/\/www.valamo.fi\">luostareiden<\/a> kautta Koloveden kansallispuistoon ja sielt\u00e4 Enonkoskelle.<\/p>\n<p><img loading=\"lazy\" decoding=\"async\" class=\"size-medium wp-image-24 aligncenter\" src=\"http:\/\/enonkolo.fi\/wp-content\/uploads\/2017\/02\/makuuhuone2-300x225.jpg\" alt=\"\" width=\"300\" height=\"225\" srcset=\"http:\/\/enonkolo.fi\/wp-content\/uploads\/2017\/02\/makuuhuone2-300x225.jpg 300w, http:\/\/enonkolo.fi\/wp-content\/uploads\/2017\/02\/makuuhuone2-768x576.jpg 768w, http:\/\/enonkolo.fi\/wp-content\/uploads\/2017\/02\/makuuhuone2-1024x768.jpg 1024w, http:\/\/enonkolo.fi\/wp-content\/uploads\/2017\/02\/makuuhuone2.jpg 1632w\" sizes=\"auto, (max-width: 300px) 100vw, 300px\" \/><\/p>\n<p>Enonkolo tarjoaa hyv\u00e4t tilat isolle ryhm\u00e4lle yhdess\u00e4 viihtymiseen. Enonkolo on oiva paikka my\u00f6s hiljentymiselle, ty\u00f6nteolle tai pakopaikaksi turhasta h\u00e4lyst\u00e4 ja digitaalisen maailman h\u00e4iri\u00f6ille. T\u00e4\u00e4ll\u00e4 ei ole televisiota eik\u00e4 interneti\u00e4, mutta isot ikkunat ja linnunlaulua. Enonkolo on ollut erityisesti taiteilijoiden ja kirjailijoiden suosiossa. Siell\u00e4 on my\u00f6s j\u00e4rjestetty koulutustilaisuuksia ja viikonloppuseminaareja.<\/p>\n<p><img loading=\"lazy\" decoding=\"async\" class=\"size-medium wp-image-26 aligncenter\" src=\"http:\/\/enonkolo.fi\/wp-content\/uploads\/2017\/02\/olohuone-300x225.jpg\" alt=\"\" width=\"300\" height=\"225\" srcset=\"http:\/\/enonkolo.fi\/wp-content\/uploads\/2017\/02\/olohuone-300x225.jpg 300w, http:\/\/enonkolo.fi\/wp-content\/uploads\/2017\/02\/olohuone-768x576.jpg 768w, http:\/\/enonkolo.fi\/wp-content\/uploads\/2017\/02\/olohuone-1024x768.jpg 1024w, http:\/\/enonkolo.fi\/wp-content\/uploads\/2017\/02\/olohuone.jpg 2048w\" sizes=\"auto, (max-width: 300px) 100vw, 300px\" \/><\/p>\n<p>Lis\u00e4tietoja Enonkolon mukavuuksista:<a href=\"http:\/\/enonkolo.fi\/index.php\/enonkolo\"> http:\/\/enonkolo.fi\/index.php\/enonkolo<\/a><\/p>\n<p>Lue lis\u00e4\u00e4 Enonkolossa j\u00e4rjestetyist\u00e4 kursseista <a href=\"http:\/\/enonkolo.fi\/index.php\/kurssipaikkana\/\">t\u00e4\u00e4lt\u00e4<\/a><\/p>\n<p>Alueella olevat <a href=\"http:\/\/enonkolo.fi\/index.php\/palvelut\/\">palvelut<\/a><\/p>\n<p><a href=\"http:\/\/enonkolo.fi\/index.php\/kuvia\/\">Kuvia<\/a> Enonkolosta<\/p>\n<p><a href=\"http:\/\/enonkolo.fi\/index.php\/hinnat\/\">Hinnat<\/a><\/p>\n","protected":false},"excerpt":{"rendered":"<p>Enonkosken keskustassa sijaitseva kulttuurimajatalo Enonkolo tarjoaa viihtyis\u00e4t puitteet vet\u00e4ytymiselle ja rauhoittumiselle Koloveden ja Linnansaaren kansallispuistojen ja Savonlinnan l\u00e4heisyydess\u00e4. Tilaa on isommallekin porukalle 300 neli\u00f6t\u00e4. Katso lis\u00e4\u00e4 kuvia Enonkolosta t\u00e4\u00e4ll\u00e4 Enonkoski sijaitsee Saimaan rannalla, 33 kilometri\u00e4 Savonlinnasta pohjoiseen ja 20 kilometrin p\u00e4\u00e4ss\u00e4 Savonlinnan lentokent\u00e4st\u00e4. Enonkosken l\u00e4hell\u00e4 ovat Koloveden ja Linnasaaren kansallispuistot. Enonkoskella on kattavia retkeily- ja &hellip; <\/p>\n<p class=\"link-more\"><a href=\"http:\/\/enonkolo.fi\/index.php\/sample-page\/\" class=\"more-link\">Jatka lukemista<span class=\"screen-reader-text\"> &#8221;Enonkolo \u2013 kulttuurimajatalo pienelle ja isolle porukalle&#8221;<\/span><\/a><\/p>\n","protected":false},"author":1,"featured_media":93,"parent":0,"menu_order":0,"comment_status":"closed","ping_status":"closed","template":"","meta":{"footnotes":""},"class_list":["post-2","page","type-page","status-publish","has-post-thumbnail","hentry"],"_links":{"self":[{"href":"http:\/\/enonkolo.fi\/index.php\/wp-json\/wp\/v2\/pages\/2","targetHints":{"allow":["GET"]}}],"collection":[{"href":"http:\/\/enonkolo.fi\/index.php\/wp-json\/wp\/v2\/pages"}],"about":[{"href":"http:\/\/enonkolo.fi\/index.php\/wp-json\/wp\/v2\/types\/page"}],"author":[{"embeddable":true,"href":"http:\/\/enonkolo.fi\/index.php\/wp-json\/wp\/v2\/users\/1"}],"replies":[{"embeddable":true,"href":"http:\/\/enonkolo.fi\/index.php\/wp-json\/wp\/v2\/comments?post=2"}],"version-history":[{"count":21,"href":"http:\/\/enonkolo.fi\/index.php\/wp-json\/wp\/v2\/pages\/2\/revisions"}],"predecessor-version":[{"id":110,"href":"http:\/\/enonkolo.fi\/index.php\/wp-json\/wp\/v2\/pages\/2\/revisions\/110"}],"wp:featuredmedia":[{"embeddable":true,"href":"http:\/\/enonkolo.fi\/index.php\/wp-json\/wp\/v2\/media\/93"}],"wp:attachment":[{"href":"http:\/\/enonkolo.fi\/index.php\/wp-json\/wp\/v2\/media?parent=2"}],"curies":[{"name":"wp","href":"https:\/\/api.w.org\/{rel}","templated":true}]}}